{"id":71,"date":"2019-06-26T22:57:47","date_gmt":"2019-06-26T22:57:47","guid":{"rendered":"http:\/\/cafemadretierra.com\/?page_id=71"},"modified":"2019-06-26T23:05:21","modified_gmt":"2019-06-26T23:05:21","slug":"aviso-de-privacidad","status":"publish","type":"page","link":"http:\/\/cafemadretierra.com\/?page_id=71","title":{"rendered":"AVISO DE PRIVACIDAD"},"content":{"rendered":"\n<p><br> <strong><em>Madre Tierra<\/em>\u00ae<\/strong> a trav\u00e9s de su p\u00e1gina electr\u00f3nica www.caf\u00e9madretierra.com o a trav\u00e9s de correo electr\u00f3nico, es responsable de recabar sus datos personales, del uso que se le d\u00e9 a los mismos y de su protecci\u00f3n.<br>Su informaci\u00f3n personal ser\u00e1 utilizada para proveer los servicios y productos que ha solicitado, informarle sobre cambios en los mismos y evaluar la calidad del servicio que le brindamos.<br>Usted tiene derecho de acceder, rectificar y cancelar sus datos personales, as\u00ed como de oponerse al tratamiento de los mismos o revocar el consentimiento que para tal fin nos haya otorgado, a trav\u00e9s de los procedimientos que hemos implementado. Para conocer dichos procedimientos, los requisitos y plazos, se puede poner en contacto con nosotros a trav\u00e9s del correo electr\u00f3nico contacto@cafemadretierra.com<br>Si usted desea dejar de recibir mensajes promocionales de nuestra parte puede solicitarlo a trav\u00e9s de nuestro correo electr\u00f3nico contacto@cafemadretierra.com.<br>Cualquier modificaci\u00f3n a este aviso de privacidad podr\u00e1 consultarla en nuestra p\u00e1gina electr\u00f3nica\u00a0www.cafemadretierra.com.<br> Fecha \u00faltima actualizaci\u00f3n 26 de junio de 2019<\/p>\n","protected":false},"excerpt":{"rendered":"<p>Madre Tierra\u00ae a trav\u00e9s de su p\u00e1gina electr\u00f3nica www.caf\u00e9madretierra.com o a trav\u00e9s de correo electr\u00f3nico, es responsable de recabar sus datos personales, del uso que se le d\u00e9 a los mismos y de su protecci\u00f3n.Su informaci\u00f3n personal ser\u00e1 utilizada para proveer los servicios y productos que ha solicitado, informarle sobre&#8230;<\/p>\n<p> <a class=\"continue-reading-link\" href=\"http:\/\/cafemadretierra.com\/?page_id=71\"><span>Continue reading<\/span><i class=\"crycon-right-dir\"><\/i><\/a> <\/p>\n","protected":false},"author":1,"featured_media":0,"parent":0,"menu_order":0,"comment_status":"closed","ping_status":"closed","template":"","meta":{"footnotes":""},"class_list":["post-71","page","type-page","status-publish","hentry"],"_links":{"self":[{"href":"http:\/\/cafemadretierra.com\/index.php?rest_route=\/wp\/v2\/pages\/71","targetHints":{"allow":["GET"]}}],"collection":[{"href":"http:\/\/cafemadretierra.com\/index.php?rest_route=\/wp\/v2\/pages"}],"about":[{"href":"http:\/\/cafemadretierra.com\/index.php?rest_route=\/wp\/v2\/types\/page"}],"author":[{"embeddable":true,"href":"http:\/\/cafemadretierra.com\/index.php?rest_route=\/wp\/v2\/users\/1"}],"replies":[{"embeddable":true,"href":"http:\/\/cafemadretierra.com\/index.php?rest_route=%2Fwp%2Fv2%2Fcomments&post=71"}],"version-history":[{"count":2,"href":"http:\/\/cafemadretierra.com\/index.php?rest_route=\/wp\/v2\/pages\/71\/revisions"}],"predecessor-version":[{"id":76,"href":"http:\/\/cafemadretierra.com\/index.php?rest_route=\/wp\/v2\/pages\/71\/revisions\/76"}],"wp:attachment":[{"href":"http:\/\/cafemadretierra.com\/index.php?rest_route=%2Fwp%2Fv2%2Fmedia&parent=71"}],"curies":[{"name":"wp","href":"https:\/\/api.w.org\/{rel}","templated":true}]}}