{"id":69,"date":"2019-06-26T22:57:03","date_gmt":"2019-06-26T22:57:03","guid":{"rendered":"http:\/\/cafemadretierra.com\/?page_id=69"},"modified":"2021-02-05T01:28:34","modified_gmt":"2021-02-05T01:28:34","slug":"contacto","status":"publish","type":"page","link":"http:\/\/cafemadretierra.com\/?page_id=69","title":{"rendered":"CONTACTO"},"content":{"rendered":"\n<p class=\"has-drop-cap\">Nos encontramos en una de las capitales productoras de caf\u00e9 por excelencia: Coatepec, Veracruz, M\u00e9xico. Para cualquier duda o comentario  escr\u00edbanos a <a rel=\"noreferrer noopener\" href=\"mailto:contacto@cafemadretierra.com\" target=\"_blank\">contacto@cafemadretierra.com<\/a> indic\u00e1ndonos por favor su nombre, tel\u00e9fono y tema, y con gusto nos comunicaremos de vuelta.<\/p>\n\n\n\n<p><\/p>\n\n\n\n<figure class=\"wp-block-image\"><img loading=\"lazy\" decoding=\"async\" width=\"1181\" height=\"520\" src=\"http:\/\/cafemadretierra.com\/wp-content\/uploads\/2019\/06\/PANENBAJA.jpg\" alt=\"\" class=\"wp-image-138\" srcset=\"http:\/\/cafemadretierra.com\/wp-content\/uploads\/2019\/06\/PANENBAJA.jpg 1181w, http:\/\/cafemadretierra.com\/wp-content\/uploads\/2019\/06\/PANENBAJA-300x132.jpg 300w, http:\/\/cafemadretierra.com\/wp-content\/uploads\/2019\/06\/PANENBAJA-768x338.jpg 768w, http:\/\/cafemadretierra.com\/wp-content\/uploads\/2019\/06\/PANENBAJA-1024x451.jpg 1024w, http:\/\/cafemadretierra.com\/wp-content\/uploads\/2019\/06\/PANENBAJA-150x66.jpg 150w\" sizes=\"auto, (max-width: 1181px) 100vw, 1181px\" \/><\/figure>\n","protected":false},"excerpt":{"rendered":"<p>Nos encontramos en una de las capitales productoras de caf\u00e9 por excelencia: Coatepec, Veracruz, M\u00e9xico. Para cualquier duda o comentario escr\u00edbanos a contacto@cafemadretierra.com indic\u00e1ndonos por favor su nombre, tel\u00e9fono y tema, y con gusto nos comunicaremos de vuelta.<\/p>\n<p> <a class=\"continue-reading-link\" href=\"http:\/\/cafemadretierra.com\/?page_id=69\"><span>Continue reading<\/span><i class=\"crycon-right-dir\"><\/i><\/a> <\/p>\n","protected":false},"author":1,"featured_media":0,"parent":0,"menu_order":0,"comment_status":"closed","ping_status":"closed","template":"","meta":{"footnotes":""},"class_list":["post-69","page","type-page","status-publish","hentry"],"_links":{"self":[{"href":"http:\/\/cafemadretierra.com\/index.php?rest_route=\/wp\/v2\/pages\/69","targetHints":{"allow":["GET"]}}],"collection":[{"href":"http:\/\/cafemadretierra.com\/index.php?rest_route=\/wp\/v2\/pages"}],"about":[{"href":"http:\/\/cafemadretierra.com\/index.php?rest_route=\/wp\/v2\/types\/page"}],"author":[{"embeddable":true,"href":"http:\/\/cafemadretierra.com\/index.php?rest_route=\/wp\/v2\/users\/1"}],"replies":[{"embeddable":true,"href":"http:\/\/cafemadretierra.com\/index.php?rest_route=%2Fwp%2Fv2%2Fcomments&post=69"}],"version-history":[{"count":11,"href":"http:\/\/cafemadretierra.com\/index.php?rest_route=\/wp\/v2\/pages\/69\/revisions"}],"predecessor-version":[{"id":204,"href":"http:\/\/cafemadretierra.com\/index.php?rest_route=\/wp\/v2\/pages\/69\/revisions\/204"}],"wp:attachment":[{"href":"http:\/\/cafemadretierra.com\/index.php?rest_route=%2Fwp%2Fv2%2Fmedia&parent=69"}],"curies":[{"name":"wp","href":"https:\/\/api.w.org\/{rel}","templated":true}]}}