{"id":40,"date":"2019-06-26T18:21:02","date_gmt":"2019-06-26T18:21:02","guid":{"rendered":"http:\/\/cafemadretierra.com\/?page_id=40"},"modified":"2019-06-27T18:50:53","modified_gmt":"2019-06-27T18:50:53","slug":"presentaciones","status":"publish","type":"page","link":"http:\/\/cafemadretierra.com\/?page_id=40","title":{"rendered":"PRESENTACIONES"},"content":{"rendered":"\n<figure class=\"wp-block-image\"><img loading=\"lazy\" decoding=\"async\" width=\"1024\" height=\"309\" src=\"http:\/\/cafemadretierra.com\/wp-content\/uploads\/2019\/06\/Presentaciones02-1024x309.jpg\" alt=\"\" class=\"wp-image-117\" srcset=\"http:\/\/cafemadretierra.com\/wp-content\/uploads\/2019\/06\/Presentaciones02-1024x309.jpg 1024w, http:\/\/cafemadretierra.com\/wp-content\/uploads\/2019\/06\/Presentaciones02-300x91.jpg 300w, http:\/\/cafemadretierra.com\/wp-content\/uploads\/2019\/06\/Presentaciones02-768x232.jpg 768w, http:\/\/cafemadretierra.com\/wp-content\/uploads\/2019\/06\/Presentaciones02-150x45.jpg 150w, http:\/\/cafemadretierra.com\/wp-content\/uploads\/2019\/06\/Presentaciones02.jpg 1920w\" sizes=\"auto, (max-width: 1024px) 100vw, 1024px\" \/><\/figure>\n\n\n\n<h2 class=\"wp-block-heading\">Espresso en Grano<\/h2>\n\n\n\n<p>Con un tostado oscuro (Full City), proporciona intensas notas a caramelo y chocolate. Presenta un buen cuerpo; su cuidado en el tostado logra mantener un excelente balance entre sus notas, acidez y un retrogusto agradable. Presentaci\u00f3n en grano, preferible si desea una frescura mayor de sabor.<\/p>\n\n\n\n<h2 class=\"wp-block-heading\" style=\"text-align:left\">Espresso Molido<\/h2>\n\n\n\n<p>Con un tostado oscuro (Full City), proporciona intensas notas a caramelo y chocolate, frutales y nueces. Presenta un buen cuerpo y su cuidado en el tostado logra mantener un excelente balance entre sus notas y su acidez y un retrogusto agradable. Presentaci\u00f3n con un molido fino, ideal para cafetera italiana o m\u00e1quinas de presi\u00f3n.<\/p>\n\n\n\n<h2 class=\"wp-block-heading\">Cl\u00e1sico en Grano<\/h2>\n\n\n\n<p>Con un tostado medio (City Roast), es ideal para identificar la complejidad de notas como chocolate, frutales, caramelo, nueces, entre otras. Posee una acidez balanceada y brillante, muy apreciada en los caf\u00e9s de altura. Presentaci\u00f3n en grano, preferible si desea una mayor frescura.<\/p>\n\n\n\n<h2 class=\"wp-block-heading\" style=\"text-align:left\">Cl\u00e1sico Molido<\/h2>\n\n\n\n<p>Con un tostado medio (City Roast), es ideal para identificar la complejidad de notas como chocolate, frutales, caramelo, nueces, entre otras. Posee una acidez balanceada y brillante, muy apreciada en los caf\u00e9s de altura. Presentaci\u00f3n con un molido medio, ideal para cafeteras de filtro, prensa francesa, chemex o percoladoras.<\/p>\n","protected":false},"excerpt":{"rendered":"<p>Espresso en Grano Con un tostado oscuro (Full City), proporciona intensas notas a caramelo y chocolate. Presenta un buen cuerpo; su cuidado en el tostado logra mantener un excelente balance entre sus notas, acidez y un retrogusto agradable. Presentaci\u00f3n en grano, preferible si desea una frescura mayor de sabor. Espresso&#8230;<\/p>\n<p> <a class=\"continue-reading-link\" href=\"http:\/\/cafemadretierra.com\/?page_id=40\"><span>Continue reading<\/span><i class=\"crycon-right-dir\"><\/i><\/a> <\/p>\n","protected":false},"author":1,"featured_media":0,"parent":0,"menu_order":0,"comment_status":"closed","ping_status":"closed","template":"","meta":{"footnotes":""},"class_list":["post-40","page","type-page","status-publish","hentry"],"_links":{"self":[{"href":"http:\/\/cafemadretierra.com\/index.php?rest_route=\/wp\/v2\/pages\/40","targetHints":{"allow":["GET"]}}],"collection":[{"href":"http:\/\/cafemadretierra.com\/index.php?rest_route=\/wp\/v2\/pages"}],"about":[{"href":"http:\/\/cafemadretierra.com\/index.php?rest_route=\/wp\/v2\/types\/page"}],"author":[{"embeddable":true,"href":"http:\/\/cafemadretierra.com\/index.php?rest_route=\/wp\/v2\/users\/1"}],"replies":[{"embeddable":true,"href":"http:\/\/cafemadretierra.com\/index.php?rest_route=%2Fwp%2Fv2%2Fcomments&post=40"}],"version-history":[{"count":7,"href":"http:\/\/cafemadretierra.com\/index.php?rest_route=\/wp\/v2\/pages\/40\/revisions"}],"predecessor-version":[{"id":127,"href":"http:\/\/cafemadretierra.com\/index.php?rest_route=\/wp\/v2\/pages\/40\/revisions\/127"}],"wp:attachment":[{"href":"http:\/\/cafemadretierra.com\/index.php?rest_route=%2Fwp%2Fv2%2Fmedia&parent=40"}],"curies":[{"name":"wp","href":"https:\/\/api.w.org\/{rel}","templated":true}]}}