{"id":2,"date":"2016-05-10T03:48:21","date_gmt":"2016-05-10T03:48:21","guid":{"rendered":"http:\/\/cafemadretierra.com\/?page_id=2"},"modified":"2019-06-27T19:08:34","modified_gmt":"2019-06-27T19:08:34","slug":"sample-page","status":"publish","type":"page","link":"http:\/\/cafemadretierra.com\/?page_id=2","title":{"rendered":"QUI\u00c9NES SOMOS"},"content":{"rendered":"<p><img loading=\"lazy\" decoding=\"async\" class=\"aligncenter size-full wp-image-135\" src=\"http:\/\/cafemadretierra.com\/wp-content\/uploads\/2019\/06\/Presentacion4.jpg\" alt=\"\" width=\"1920\" height=\"580\" srcset=\"http:\/\/cafemadretierra.com\/wp-content\/uploads\/2019\/06\/Presentacion4.jpg 1920w, http:\/\/cafemadretierra.com\/wp-content\/uploads\/2019\/06\/Presentacion4-300x91.jpg 300w, http:\/\/cafemadretierra.com\/wp-content\/uploads\/2019\/06\/Presentacion4-768x232.jpg 768w, http:\/\/cafemadretierra.com\/wp-content\/uploads\/2019\/06\/Presentacion4-1024x309.jpg 1024w, http:\/\/cafemadretierra.com\/wp-content\/uploads\/2019\/06\/Presentacion4-150x45.jpg 150w\" sizes=\"auto, (max-width: 1920px) 100vw, 1920px\" \/><\/p>\n<p style=\"text-align: left;\">Somos Tostadores de Caf\u00e9 de Especialidad, Caf\u00e9 de Origen, respetuosos de quien trabaja el campo y enamorados de la Madre Tierra.<\/p>\n<h2 style=\"text-align: left;\">Caf\u00e9 de Especialidad<\/h2>\n<h2 style=\"text-align: left;\"><img loading=\"lazy\" decoding=\"async\" class=\"wp-image-49 alignleft\" src=\"http:\/\/cafemadretierra.com\/wp-content\/uploads\/2019\/06\/CafeEspecialImag-1.jpg\" alt=\"\" width=\"98\" height=\"102\" \/><\/h2>\n<p style=\"text-align: left;\">Caf\u00e9 <strong><em>Madre Tierra<\/em><\/strong>\u00ae es el resultado de una serie de procesos en extremo cuidados desde su origen hasta sus manos.<\/p>\n<p style=\"text-align: left;\">Utilizamos \u00fanicamente producto que es evaluado por Catadores Q certificados por el Coffee Quality Institute, en donde su calidad f\u00edsica y sensorial alcanza puntajes superiores entrando en la clasificaci\u00f3n de Caf\u00e9s de Especialidad.<\/p>\n<p style=\"text-align: left;\">Todos nuestros lotes tienen trazabalidad y tanto su origen como el reporte de cataci\u00f3n pueden ser consultados en nuestra p\u00e1gina electr\u00f3nica.<\/p>\n<h2 style=\"text-align: left;\">Cuidado al Medio ambiente<\/h2>\n<h2 style=\"text-align: left;\"><img loading=\"lazy\" decoding=\"async\" class=\"wp-image-51 alignright\" src=\"http:\/\/cafemadretierra.com\/wp-content\/uploads\/2019\/06\/MedioAmbImag.jpg\" alt=\"\" width=\"116\" height=\"116\" srcset=\"http:\/\/cafemadretierra.com\/wp-content\/uploads\/2019\/06\/MedioAmbImag.jpg 300w, http:\/\/cafemadretierra.com\/wp-content\/uploads\/2019\/06\/MedioAmbImag-150x150.jpg 150w\" sizes=\"auto, (max-width: 116px) 100vw, 116px\" \/><\/h2>\n<p style=\"text-align: left;\">Trabajamos directamente con peque\u00f1os productores que viven y trabajan la tierra con respeto y en donde se destaca el cuidado en la conservaci\u00f3n de sus ecosistemas.<\/p>\n<p style=\"text-align: left;\">Las fincas de donde proviene el caf\u00e9 que utilizamos son plantaciones tradicionales en donde existe riqueza de flora y fauna, albergando as\u00ed hasta un ochenta por ciento de las especies existentes en los bosques de niebla.<\/p>\n<h2 style=\"text-align: left;\">Comercio Justo y Sustentabilidad<\/h2>\n<h2 style=\"text-align: left;\"><img loading=\"lazy\" decoding=\"async\" class=\"wp-image-54 alignleft\" src=\"http:\/\/cafemadretierra.com\/wp-content\/uploads\/2019\/06\/ComerJustImag.jpg\" alt=\"\" width=\"128\" height=\"128\" srcset=\"http:\/\/cafemadretierra.com\/wp-content\/uploads\/2019\/06\/ComerJustImag.jpg 300w, http:\/\/cafemadretierra.com\/wp-content\/uploads\/2019\/06\/ComerJustImag-150x150.jpg 150w\" sizes=\"auto, (max-width: 128px) 100vw, 128px\" \/><\/h2>\n<p style=\"text-align: left;\">Nos enorgullece trabajar con una din\u00e1mica de Comercio Justo. Negociamos directamente con peque\u00f1os productores y pagamos precios justos.<\/p>\n<p style=\"text-align: left;\">Al brincar la brecha de acaparadores, tenemos la posibilidad de fincar relaciones a largo plazo con campesinos y crear una sinergia favorable para todas las partes.<\/p>\n<p><img loading=\"lazy\" decoding=\"async\" class=\"wp-image-83 alignright\" src=\"http:\/\/cafemadretierra.com\/wp-content\/uploads\/2019\/06\/contacto.jpg\" alt=\"\" width=\"80\" height=\"68\" srcset=\"http:\/\/cafemadretierra.com\/wp-content\/uploads\/2019\/06\/contacto.jpg 188w, http:\/\/cafemadretierra.com\/wp-content\/uploads\/2019\/06\/contacto-150x128.jpg 150w\" sizes=\"auto, (max-width: 80px) 100vw, 80px\" \/><\/p>\n","protected":false},"excerpt":{"rendered":"<p>Somos Tostadores de Caf\u00e9 de Especialidad, Caf\u00e9 de Origen, respetuosos de quien trabaja el campo y enamorados de la Madre Tierra. Caf\u00e9 de Especialidad Caf\u00e9 Madre Tierra\u00ae es el resultado de una serie de procesos en extremo cuidados desde su origen hasta sus manos. Utilizamos \u00fanicamente producto que es evaluado&#8230;<\/p>\n<p> <a class=\"continue-reading-link\" href=\"http:\/\/cafemadretierra.com\/?page_id=2\"><span>Continue reading<\/span><i class=\"crycon-right-dir\"><\/i><\/a> <\/p>\n","protected":false},"author":1,"featured_media":0,"parent":0,"menu_order":0,"comment_status":"closed","ping_status":"open","template":"","meta":{"footnotes":""},"class_list":["post-2","page","type-page","status-publish","hentry"],"_links":{"self":[{"href":"http:\/\/cafemadretierra.com\/index.php?rest_route=\/wp\/v2\/pages\/2","targetHints":{"allow":["GET"]}}],"collection":[{"href":"http:\/\/cafemadretierra.com\/index.php?rest_route=\/wp\/v2\/pages"}],"about":[{"href":"http:\/\/cafemadretierra.com\/index.php?rest_route=\/wp\/v2\/types\/page"}],"author":[{"embeddable":true,"href":"http:\/\/cafemadretierra.com\/index.php?rest_route=\/wp\/v2\/users\/1"}],"replies":[{"embeddable":true,"href":"http:\/\/cafemadretierra.com\/index.php?rest_route=%2Fwp%2Fv2%2Fcomments&post=2"}],"version-history":[{"count":11,"href":"http:\/\/cafemadretierra.com\/index.php?rest_route=\/wp\/v2\/pages\/2\/revisions"}],"predecessor-version":[{"id":136,"href":"http:\/\/cafemadretierra.com\/index.php?rest_route=\/wp\/v2\/pages\/2\/revisions\/136"}],"wp:attachment":[{"href":"http:\/\/cafemadretierra.com\/index.php?rest_route=%2Fwp%2Fv2%2Fmedia&parent=2"}],"curies":[{"name":"wp","href":"https:\/\/api.w.org\/{rel}","templated":true}]}}